{"id":701,"date":"2016-06-06T13:41:33","date_gmt":"2016-06-06T10:41:33","guid":{"rendered":"https:\/\/uvteknik.com\/en\/uv-hava-filtresi\/"},"modified":"2019-12-16T16:00:44","modified_gmt":"2019-12-16T13:00:44","slug":"uv-air-filters","status":"publish","type":"page","link":"https:\/\/uvteknik.com\/en\/uv-air-filters\/","title":{"rendered":"UV Air Filters"},"content":{"rendered":"<p>[vc_row css_animation=&#8221;&#8221; row_type=&#8221;row&#8221; use_row_as_full_screen_section=&#8221;no&#8221; type=&#8221;full_width&#8221; angled_section=&#8221;no&#8221; text_align=&#8221;left&#8221; background_image_as_pattern=&#8221;without_pattern&#8221;][vc_column][vc_single_image image=&#8221;225&#8243; img_size=&#8221;full&#8221; qode_css_animation=&#8221;&#8221;][\/vc_column][\/vc_row][vc_row css_animation=&#8221;&#8221; row_type=&#8221;row&#8221; use_row_as_full_screen_section=&#8221;no&#8221; type=&#8221;grid&#8221; angled_section=&#8221;no&#8221; text_align=&#8221;left&#8221; background_image_as_pattern=&#8221;without_pattern&#8221; css=&#8221;.vc_custom_1464092965069{padding-top: 20px !important;padding-bottom: 20px !important;background-color: #2e2e2e !important;}&#8221;][vc_column][vc_column_text]<\/p>\n<h2>UV Air Filters<\/h2>\n<p>[\/vc_column_text][\/vc_column][\/vc_row][vc_row css_animation=&#8221;&#8221; row_type=&#8221;row&#8221; use_row_as_full_screen_section=&#8221;no&#8221; type=&#8221;grid&#8221; angled_section=&#8221;no&#8221; text_align=&#8221;left&#8221; background_image_as_pattern=&#8221;without_pattern&#8221;][vc_column][vc_separator type=&#8221;transparent&#8221; down=&#8221;20&#8243;][vc_column_text]<\/p>\n<div id=\"attachment_227\" style=\"width: 310px\" class=\"wp-caption alignleft\"><img loading=\"lazy\" decoding=\"async\" aria-describedby=\"caption-attachment-227\" class=\"size-medium wp-image-227\" src=\"http:\/\/uvteknik.com\/wp-content\/uploads\/2016\/06\/UV-hava-filtreleri-300x226.jpg\" alt=\"UV Hava Filtreleri\" width=\"300\" height=\"226\" srcset=\"https:\/\/uvteknik.com\/wp-content\/uploads\/2016\/06\/UV-hava-filtreleri-300x226.jpg 300w, https:\/\/uvteknik.com\/wp-content\/uploads\/2016\/06\/UV-hava-filtreleri.jpg 347w\" sizes=\"(max-width: 300px) 100vw, 300px\" \/><p id=\"caption-attachment-227\" class=\"wp-caption-text\">UV Air Filters<\/p><\/div>\n<h2>UV Air Filters;<\/h2>\n<p>&nbsp;<\/p>\n<p>Many people spend most of the day indoors (work, school or home). Test results show that bacteria, viruses and molds are more often found in closed areas than open areas.<\/p>\n<p>&nbsp;<\/p>\n<p>Indoor air is often poorly ventilated and that means it is full of dust, carries many pollutants. In addition to lots of bacteria, viruses, mold and pollen, the air may contain cigarette smoke, food and pet odors and exhaust fumes. The presence of high amounts of such infectious substances acts as a stimulating mechanism for a number of different diseases, the most common being influenza and asthma.<\/p>\n<p>&nbsp;<\/p>\n<p>UV Air Filter is a UV filter system which is used for disinfection of air in all environments with air conditioning and ventilation system. It is used for various purposes in the food, pharmaceutical and cosmetic production industries. To give some examples; Production and preparation, storage, packing, packaging, cold chain, ventilation and etc\u2026<\/p>\n<p>&nbsp;<\/p>\n<p>Also, UV Air Filters are preferred to clean air in operating room, intensive care and laboratory units.<\/p>\n<p>&nbsp;<\/p>\n<p>They provides complete safe and effective air sterilisation against possible problems against microbiological contaminations.<\/p>\n<p>&nbsp;<\/p>\n<p>Uses of UV filter systems are increasing and developing in different fields. This includes veterinary uses, animal husbandry production farms, patient rooms in homes, offices and smart building solutions.[\/vc_column_text][vc_separator type=&#8221;transparent&#8221; down=&#8221;20&#8243;][\/vc_column][\/vc_row][vc_row css_animation=&#8221;&#8221; row_type=&#8221;row&#8221; use_row_as_full_screen_section=&#8221;no&#8221; type=&#8221;full_width&#8221; angled_section=&#8221;no&#8221; text_align=&#8221;left&#8221; background_image_as_pattern=&#8221;without_pattern&#8221; css=&#8221;.vc_custom_1465213142033{padding-top: 20px !important;padding-bottom: 20px !important;background-color: #2e2e2e !important;}&#8221;][vc_column][vc_column_text]<\/p>\n<h2 style=\"text-align: center;\">Talep\u00a0Olu\u015ftur<\/h2>\n<p>[\/vc_column_text][vc_column_text]<\/p>\n<p style=\"text-align: center;\">Talepleriniz i\u00e7in l\u00fctfen a\u015fa\u011f\u0131daki formu doldurunuz.<\/p>\n<p>[\/vc_column_text][\/vc_column][\/vc_row][vc_row css_animation=&#8221;&#8221; row_type=&#8221;row&#8221; use_row_as_full_screen_section=&#8221;no&#8221; type=&#8221;grid&#8221; angled_section=&#8221;no&#8221; text_align=&#8221;left&#8221; background_image_as_pattern=&#8221;without_pattern&#8221;][vc_column][vc_separator type=&#8221;transparent&#8221; down=&#8221;10&#8243;]\n<div class=\"wpcf7 no-js\" id=\"wpcf7-f205-o1\" lang=\"tr-TR\" dir=\"ltr\">\n<div class=\"screen-reader-response\"><p role=\"status\" aria-live=\"polite\" aria-atomic=\"true\"><\/p> <ul><\/ul><\/div>\n<form action=\"\/en\/wp-json\/wp\/v2\/pages\/701#wpcf7-f205-o1\" method=\"post\" class=\"wpcf7-form init cf7_custom_style_1\" aria-label=\"\u0130leti\u015fim Formu\" novalidate=\"novalidate\" data-status=\"init\">\n<div style=\"display: none;\">\n<input type=\"hidden\" name=\"_wpcf7\" value=\"205\" \/>\n<input type=\"hidden\" name=\"_wpcf7_version\" value=\"5.9.7\" \/>\n<input type=\"hidden\" name=\"_wpcf7_locale\" value=\"tr_TR\" \/>\n<input type=\"hidden\" name=\"_wpcf7_unit_tag\" value=\"wpcf7-f205-o1\" \/>\n<input type=\"hidden\" name=\"_wpcf7_container_post\" value=\"0\" \/>\n<input type=\"hidden\" name=\"_wpcf7_posted_data_hash\" value=\"\" \/>\n<input type=\"hidden\" name=\"_wpcf7_recaptcha_response\" value=\"\" \/>\n<\/div>\n<p><b>Ad\u0131n\u0131z<\/b> (gerekli)\n<\/p>\n<p><span class=\"wpcf7-form-control-wrap\" data-name=\"your-name\"><input size=\"40\" maxlength=\"400\" class=\"wpcf7-form-control wpcf7-text wpcf7-validates-as-required\" aria-required=\"true\" aria-invalid=\"false\" value=\"\" type=\"text\" name=\"your-name\" \/><\/span>\n<\/p>\n<p><b>Epostan\u0131z<\/b> (gerekli)\n<\/p>\n<p><span class=\"wpcf7-form-control-wrap\" data-name=\"your-email\"><input size=\"40\" maxlength=\"400\" class=\"wpcf7-form-control wpcf7-email wpcf7-validates-as-required wpcf7-text wpcf7-validates-as-email\" aria-required=\"true\" aria-invalid=\"false\" value=\"\" type=\"email\" name=\"your-email\" \/><\/span>\n<\/p>\n<p><b>Telefon<\/b> (gerekli)\n<\/p>\n<p><span class=\"wpcf7-form-control-wrap\" data-name=\"tel-895\"><input size=\"40\" maxlength=\"400\" class=\"wpcf7-form-control wpcf7-tel wpcf7-validates-as-required wpcf7-text wpcf7-validates-as-tel\" aria-required=\"true\" aria-invalid=\"false\" value=\"\" type=\"tel\" name=\"tel-895\" \/><\/span>\n<\/p>\n<p><b>Talebiniz<\/b>\n<\/p>\n<p><span class=\"wpcf7-form-control-wrap\" data-name=\"your-message\"><textarea cols=\"40\" rows=\"10\" maxlength=\"2000\" class=\"wpcf7-form-control wpcf7-textarea\" aria-invalid=\"false\" name=\"your-message\"><\/textarea><\/span>\n<\/p>\n<p><input class=\"wpcf7-form-control wpcf7-submit has-spinner\" type=\"submit\" value=\"G\u00f6nder\" \/>\n<\/p><p style=\"display: none !important;\" class=\"akismet-fields-container\" data-prefix=\"_wpcf7_ak_\"><label>&#916;<textarea name=\"_wpcf7_ak_hp_textarea\" cols=\"45\" rows=\"8\" maxlength=\"100\"><\/textarea><\/label><input type=\"hidden\" id=\"ak_js_1\" name=\"_wpcf7_ak_js\" value=\"93\"\/><script>document.getElementById( \"ak_js_1\" ).setAttribute( \"value\", ( new Date() ).getTime() );<\/script><\/p><div class=\"wpcf7-response-output\" aria-hidden=\"true\"><\/div>\n<\/form>\n<\/div>\n[vc_separator type=&#8221;transparent&#8221; down=&#8221;10&#8243;][\/vc_column][\/vc_row]<\/p>\n","protected":false},"excerpt":{"rendered":"<p>[vc_row css_animation=&#8221;&#8221; row_type=&#8221;row&#8221; use_row_as_full_screen_section=&#8221;no&#8221; type=&#8221;full_width&#8221; angled_section=&#8221;no&#8221; text_align=&#8221;left&#8221; background_image_as_pattern=&#8221;without_pattern&#8221;][vc_column][vc_single_image image=&#8221;225&#8243; img_size=&#8221;full&#8221; qode_css_animation=&#8221;&#8221;][\/vc_column][\/vc_row][vc_row css_animation=&#8221;&#8221; row_type=&#8221;row&#8221; use_row_as_full_screen_section=&#8221;no&#8221; type=&#8221;grid&#8221; angled_section=&#8221;no&#8221; text_align=&#8221;left&#8221; background_image_as_pattern=&#8221;without_pattern&#8221; css=&#8221;.vc_custom_1464092965069{padding-top: 20px !important;padding-bottom: 20px !important;background-color: #2e2e2e !important;}&#8221;][vc_column][vc_column_text] UV Air Filters [\/vc_column_text][\/vc_column][\/vc_row][vc_row css_animation=&#8221;&#8221; row_type=&#8221;row&#8221; use_row_as_full_screen_section=&#8221;no&#8221; type=&#8221;grid&#8221; angled_section=&#8221;no&#8221; text_align=&#8221;left&#8221; background_image_as_pattern=&#8221;without_pattern&#8221;][vc_column][vc_separator type=&#8221;transparent&#8221; down=&#8221;20&#8243;][vc_column_text] UV Air Filters; &nbsp; Many people spend&#8230;<\/p>\n","protected":false},"author":1,"featured_media":0,"parent":0,"menu_order":0,"comment_status":"closed","ping_status":"closed","template":"full_width.php","meta":{"footnotes":""},"yoast_head":"<!-- This site is optimized with the Yoast SEO plugin v23.1 - https:\/\/yoast.com\/wordpress\/plugins\/seo\/ -->\n<title>UV Air Filters And Control Panels - UV Teknik<\/title>\n<meta name=\"description\" content=\"UV Air Filter is a UV filter system which is used for disinfection of air in all environments with air conditioning and ventilation system.\" \/>\n<meta name=\"robots\" content=\"index, follow, max-snippet:-1, max-image-preview:large, max-video-preview:-1\" \/>\n<link rel=\"canonical\" href=\"https:\/\/uvteknik.com\/en\/uv-air-filters\/\" \/>\n<meta property=\"og:locale\" content=\"en_US\" \/>\n<meta property=\"og:type\" content=\"article\" \/>\n<meta property=\"og:title\" content=\"UV Air Filters And Control Panels - UV Teknik\" \/>\n<meta property=\"og:description\" content=\"UV Air Filter is a UV filter system which is used for disinfection of air in all environments with air conditioning and ventilation system.\" \/>\n<meta property=\"og:url\" content=\"https:\/\/uvteknik.com\/en\/uv-air-filters\/\" \/>\n<meta property=\"og:site_name\" content=\"UV Teknik\" \/>\n<meta property=\"article:publisher\" content=\"https:\/\/www.facebook.com\/uvteknik\" \/>\n<meta property=\"article:modified_time\" content=\"2019-12-16T13:00:44+00:00\" \/>\n<meta property=\"og:image\" content=\"http:\/\/uvteknik.com\/wp-content\/uploads\/2016\/06\/UV-hava-filtreleri-300x226.jpg\" \/>\n<meta name=\"twitter:card\" content=\"summary_large_image\" \/>\n<meta name=\"twitter:site\" content=\"@uvteknik\" \/>\n<meta name=\"twitter:label1\" content=\"Est. reading time\" \/>\n\t<meta name=\"twitter:data1\" content=\"3 minutes\" \/>\n<script type=\"application\/ld+json\" class=\"yoast-schema-graph\">{\"@context\":\"https:\/\/schema.org\",\"@graph\":[{\"@type\":\"WebPage\",\"@id\":\"https:\/\/uvteknik.com\/en\/uv-air-filters\/\",\"url\":\"https:\/\/uvteknik.com\/en\/uv-air-filters\/\",\"name\":\"UV Air Filters And Control Panels - UV Teknik\",\"isPartOf\":{\"@id\":\"https:\/\/uvteknik.com\/#website\"},\"primaryImageOfPage\":{\"@id\":\"https:\/\/uvteknik.com\/en\/uv-air-filters\/#primaryimage\"},\"image\":{\"@id\":\"https:\/\/uvteknik.com\/en\/uv-air-filters\/#primaryimage\"},\"thumbnailUrl\":\"http:\/\/uvteknik.com\/wp-content\/uploads\/2016\/06\/UV-hava-filtreleri-300x226.jpg\",\"datePublished\":\"2016-06-06T10:41:33+00:00\",\"dateModified\":\"2019-12-16T13:00:44+00:00\",\"description\":\"UV Air Filter is a UV filter system which is used for disinfection of air in all environments with air conditioning and ventilation system.\",\"breadcrumb\":{\"@id\":\"https:\/\/uvteknik.com\/en\/uv-air-filters\/#breadcrumb\"},\"inLanguage\":\"en-US\",\"potentialAction\":[{\"@type\":\"ReadAction\",\"target\":[\"https:\/\/uvteknik.com\/en\/uv-air-filters\/\"]}]},{\"@type\":\"ImageObject\",\"inLanguage\":\"en-US\",\"@id\":\"https:\/\/uvteknik.com\/en\/uv-air-filters\/#primaryimage\",\"url\":\"http:\/\/uvteknik.com\/wp-content\/uploads\/2016\/06\/UV-hava-filtreleri-300x226.jpg\",\"contentUrl\":\"http:\/\/uvteknik.com\/wp-content\/uploads\/2016\/06\/UV-hava-filtreleri-300x226.jpg\"},{\"@type\":\"BreadcrumbList\",\"@id\":\"https:\/\/uvteknik.com\/en\/uv-air-filters\/#breadcrumb\",\"itemListElement\":[{\"@type\":\"ListItem\",\"position\":1,\"name\":\"Ana sayfa\",\"item\":\"https:\/\/uvteknik.com\/en\/?page_id=6435\"},{\"@type\":\"ListItem\",\"position\":2,\"name\":\"UV Air Filters\"}]},{\"@type\":\"WebSite\",\"@id\":\"https:\/\/uvteknik.com\/#website\",\"url\":\"https:\/\/uvteknik.com\/\",\"name\":\"UV Teknik\",\"description\":\"UV Filtre ve UV Lambalar\",\"potentialAction\":[{\"@type\":\"SearchAction\",\"target\":{\"@type\":\"EntryPoint\",\"urlTemplate\":\"https:\/\/uvteknik.com\/?s={search_term_string}\"},\"query-input\":\"required name=search_term_string\"}],\"inLanguage\":\"en-US\"}]}<\/script>\n<!-- \/ Yoast SEO plugin. -->","yoast_head_json":{"title":"UV Air Filters And Control Panels - UV Teknik","description":"UV Air Filter is a UV filter system which is used for disinfection of air in all environments with air conditioning and ventilation system.","robots":{"index":"index","follow":"follow","max-snippet":"max-snippet:-1","max-image-preview":"max-image-preview:large","max-video-preview":"max-video-preview:-1"},"canonical":"https:\/\/uvteknik.com\/en\/uv-air-filters\/","og_locale":"en_US","og_type":"article","og_title":"UV Air Filters And Control Panels - UV Teknik","og_description":"UV Air Filter is a UV filter system which is used for disinfection of air in all environments with air conditioning and ventilation system.","og_url":"https:\/\/uvteknik.com\/en\/uv-air-filters\/","og_site_name":"UV Teknik","article_publisher":"https:\/\/www.facebook.com\/uvteknik","article_modified_time":"2019-12-16T13:00:44+00:00","og_image":[{"url":"http:\/\/uvteknik.com\/wp-content\/uploads\/2016\/06\/UV-hava-filtreleri-300x226.jpg"}],"twitter_card":"summary_large_image","twitter_site":"@uvteknik","twitter_misc":{"Est. reading time":"3 minutes"},"schema":{"@context":"https:\/\/schema.org","@graph":[{"@type":"WebPage","@id":"https:\/\/uvteknik.com\/en\/uv-air-filters\/","url":"https:\/\/uvteknik.com\/en\/uv-air-filters\/","name":"UV Air Filters And Control Panels - UV Teknik","isPartOf":{"@id":"https:\/\/uvteknik.com\/#website"},"primaryImageOfPage":{"@id":"https:\/\/uvteknik.com\/en\/uv-air-filters\/#primaryimage"},"image":{"@id":"https:\/\/uvteknik.com\/en\/uv-air-filters\/#primaryimage"},"thumbnailUrl":"http:\/\/uvteknik.com\/wp-content\/uploads\/2016\/06\/UV-hava-filtreleri-300x226.jpg","datePublished":"2016-06-06T10:41:33+00:00","dateModified":"2019-12-16T13:00:44+00:00","description":"UV Air Filter is a UV filter system which is used for disinfection of air in all environments with air conditioning and ventilation system.","breadcrumb":{"@id":"https:\/\/uvteknik.com\/en\/uv-air-filters\/#breadcrumb"},"inLanguage":"en-US","potentialAction":[{"@type":"ReadAction","target":["https:\/\/uvteknik.com\/en\/uv-air-filters\/"]}]},{"@type":"ImageObject","inLanguage":"en-US","@id":"https:\/\/uvteknik.com\/en\/uv-air-filters\/#primaryimage","url":"http:\/\/uvteknik.com\/wp-content\/uploads\/2016\/06\/UV-hava-filtreleri-300x226.jpg","contentUrl":"http:\/\/uvteknik.com\/wp-content\/uploads\/2016\/06\/UV-hava-filtreleri-300x226.jpg"},{"@type":"BreadcrumbList","@id":"https:\/\/uvteknik.com\/en\/uv-air-filters\/#breadcrumb","itemListElement":[{"@type":"ListItem","position":1,"name":"Ana sayfa","item":"https:\/\/uvteknik.com\/en\/?page_id=6435"},{"@type":"ListItem","position":2,"name":"UV Air Filters"}]},{"@type":"WebSite","@id":"https:\/\/uvteknik.com\/#website","url":"https:\/\/uvteknik.com\/","name":"UV Teknik","description":"UV Filtre ve UV Lambalar","potentialAction":[{"@type":"SearchAction","target":{"@type":"EntryPoint","urlTemplate":"https:\/\/uvteknik.com\/?s={search_term_string}"},"query-input":"required name=search_term_string"}],"inLanguage":"en-US"}]}},"_links":{"self":[{"href":"https:\/\/uvteknik.com\/en\/wp-json\/wp\/v2\/pages\/701"}],"collection":[{"href":"https:\/\/uvteknik.com\/en\/wp-json\/wp\/v2\/pages"}],"about":[{"href":"https:\/\/uvteknik.com\/en\/wp-json\/wp\/v2\/types\/page"}],"author":[{"embeddable":true,"href":"https:\/\/uvteknik.com\/en\/wp-json\/wp\/v2\/users\/1"}],"replies":[{"embeddable":true,"href":"https:\/\/uvteknik.com\/en\/wp-json\/wp\/v2\/comments?post=701"}],"version-history":[{"count":2,"href":"https:\/\/uvteknik.com\/en\/wp-json\/wp\/v2\/pages\/701\/revisions"}],"predecessor-version":[{"id":703,"href":"https:\/\/uvteknik.com\/en\/wp-json\/wp\/v2\/pages\/701\/revisions\/703"}],"wp:attachment":[{"href":"https:\/\/uvteknik.com\/en\/wp-json\/wp\/v2\/media?parent=701"}],"curies":[{"name":"wp","href":"https:\/\/api.w.org\/{rel}","templated":true}]}}