{"id":523,"date":"2016-06-16T12:04:06","date_gmt":"2016-06-16T09:04:06","guid":{"rendered":"http:\/\/uvteknik.com\/en\/uv-measuring-technology\/uv-olcum-cihazlari\/"},"modified":"2019-12-16T14:05:53","modified_gmt":"2019-12-16T11:05:53","slug":"uv-measuring-devices","status":"publish","type":"page","link":"https:\/\/uvteknik.com\/en\/uv-measuring-technology\/uv-measuring-devices\/","title":{"rendered":"UV Measuring Devices"},"content":{"rendered":"<p>[vc_row css_animation=&#8221;&#8221; row_type=&#8221;row&#8221; use_row_as_full_screen_section=&#8221;no&#8221; type=&#8221;full_width&#8221; angled_section=&#8221;no&#8221; text_align=&#8221;left&#8221; background_image_as_pattern=&#8221;without_pattern&#8221;][vc_column][vc_single_image image=&#8221;294&#8243; img_size=&#8221;full&#8221; qode_css_animation=&#8221;&#8221; el_class=&#8221;UV Measuring Devices&#8221;][\/vc_column][\/vc_row][vc_row css_animation=&#8221;&#8221; row_type=&#8221;row&#8221; use_row_as_full_screen_section=&#8221;no&#8221; type=&#8221;grid&#8221; angled_section=&#8221;no&#8221; text_align=&#8221;left&#8221; background_image_as_pattern=&#8221;without_pattern&#8221; css=&#8221;.vc_custom_1464092965069{padding-top: 20px !important;padding-bottom: 20px !important;background-color: #2e2e2e !important;}&#8221;][vc_column][vc_column_text]<\/p>\n<h2>UV Measuring Devices<\/h2>\n<p>[\/vc_column_text][\/vc_column][\/vc_row][vc_row css_animation=&#8221;&#8221; row_type=&#8221;row&#8221; use_row_as_full_screen_section=&#8221;no&#8221; type=&#8221;grid&#8221; angled_section=&#8221;no&#8221; text_align=&#8221;left&#8221; background_image_as_pattern=&#8221;without_pattern&#8221;][vc_column][vc_separator type=&#8221;transparent&#8221; down=&#8221;20&#8243;][vc_column_text]<\/p>\n<h2>UV Measuring Devices;<\/h2>\n<p>&nbsp;<\/p>\n<div id=\"attachment_320\" style=\"width: 357px\" class=\"wp-caption alignleft\"><img loading=\"lazy\" decoding=\"async\" aria-describedby=\"caption-attachment-320\" class=\"wp-image-320 size-full\" src=\"http:\/\/uvteknik.com\/wp-content\/uploads\/2016\/06\/Uv-metre-1.jpg\" alt=\"Uv meter-1\" width=\"347\" height=\"260\" srcset=\"https:\/\/uvteknik.com\/wp-content\/uploads\/2016\/06\/Uv-metre-1.jpg 347w, https:\/\/uvteknik.com\/wp-content\/uploads\/2016\/06\/Uv-metre-1-300x225.jpg 300w\" sizes=\"(max-width: 347px) 100vw, 347px\" \/><p id=\"caption-attachment-320\" class=\"wp-caption-text\">Uv Meter<\/p><\/div>\n<p><strong>UV Meter<\/strong><\/p>\n<p>Simple handheld unit to monitor the radiation intensity in production processes or laboratory applications. Different sensors are available for this device to measure punctual and planar radiation sources.[\/vc_column_text][vc_row_inner row_type=&#8221;row&#8221; type=&#8221;full_width&#8221; text_align=&#8221;left&#8221; css_animation=&#8221;&#8221;][vc_column_inner][vc_column_text]<\/p>\n<div id=\"attachment_290\" style=\"width: 357px\" class=\"wp-caption alignleft\"><img loading=\"lazy\" decoding=\"async\" aria-describedby=\"caption-attachment-290\" class=\"wp-image-290 size-full\" src=\"http:\/\/uvteknik.com\/wp-content\/uploads\/2016\/06\/Uv-metre.jpg\" alt=\"UV Measuring Devices\" width=\"347\" height=\"260\" srcset=\"https:\/\/uvteknik.com\/wp-content\/uploads\/2016\/06\/Uv-metre.jpg 347w, https:\/\/uvteknik.com\/wp-content\/uploads\/2016\/06\/Uv-metre-300x225.jpg 300w\" sizes=\"(max-width: 347px) 100vw, 347px\" \/><p id=\"caption-attachment-290\" class=\"wp-caption-text\">MUV\u00a02.4 WR<\/p><\/div>\n<p><strong>MUV 2.4 WR<\/strong><\/p>\n<p>&nbsp;<\/p>\n<p>Reference radiometer for checking plant sensors in accordance with DVGW that is \u00d6NORM.<\/p>\n<p>&nbsp;<\/p>\n<p><strong>Specifications:<\/strong><\/p>\n<p>Automatic toggle of range of measurement<br \/>\nAutomatic sensor detection<br \/>\nReference sensors in accordance with DVGW W294 (40\u00b0 and 160\u00b0) as well as \u00d6NORM 5873<br \/>\nAnalogue output and serial interface for measured values output on controls that is on a PC<br \/>\nAccumulator operating or operation through network adapter 110\/230 V AC with automatic charging function<br \/>\nLevel of protection IP65[\/vc_column_text][\/vc_column_inner][\/vc_row_inner][vc_row_inner row_type=&#8221;row&#8221; type=&#8221;full_width&#8221; text_align=&#8221;left&#8221; css_animation=&#8221;&#8221;][vc_column_inner][vc_column_text]<\/p>\n<div id=\"attachment_322\" style=\"width: 357px\" class=\"wp-caption alignleft\"><img loading=\"lazy\" decoding=\"async\" aria-describedby=\"caption-attachment-322\" class=\"wp-image-322 size-full\" src=\"http:\/\/uvteknik.com\/wp-content\/uploads\/2016\/06\/UV-lamba-test-cihazi.jpg\" alt=\"Battery Operated Lamp Testing\" width=\"347\" height=\"260\" srcset=\"https:\/\/uvteknik.com\/wp-content\/uploads\/2016\/06\/UV-lamba-test-cihazi.jpg 347w, https:\/\/uvteknik.com\/wp-content\/uploads\/2016\/06\/UV-lamba-test-cihazi-300x225.jpg 300w\" sizes=\"(max-width: 347px) 100vw, 347px\" \/><p id=\"caption-attachment-322\" class=\"wp-caption-text\">Battery Operated Lamp Testing<\/p><\/div>\n<p><strong>LT 1<\/strong><\/p>\n<p>&nbsp;<\/p>\n<p>Battery operated lamp testing device for gas discharge lamps. Ideal for all UV-lamps from our standard range. Integrated functions for voltage control, continuity testing and torch light. Every equipment manufacturer should have such a device.[\/vc_column_text][\/vc_column_inner][\/vc_row_inner][vc_row_inner row_type=&#8221;row&#8221; type=&#8221;full_width&#8221; text_align=&#8221;left&#8221; css_animation=&#8221;&#8221;][vc_column_inner][\/vc_column_inner][\/vc_row_inner][vc_row_inner row_type=&#8221;row&#8221; type=&#8221;full_width&#8221; text_align=&#8221;left&#8221; css_animation=&#8221;&#8221;][vc_column_inner][vc_column_text]<strong><img loading=\"lazy\" decoding=\"async\" class=\"size-full wp-image-325 alignleft\" src=\"http:\/\/uvteknik.com\/wp-content\/uploads\/2016\/06\/UV-olcum-ileti.jpg\" alt=\"UV \u00d6l\u00e7\u00fcm aleti\" width=\"347\" height=\"260\" srcset=\"https:\/\/uvteknik.com\/wp-content\/uploads\/2016\/06\/UV-olcum-ileti.jpg 347w, https:\/\/uvteknik.com\/wp-content\/uploads\/2016\/06\/UV-olcum-ileti-300x225.jpg 300w\" sizes=\"(max-width: 347px) 100vw, 347px\" \/>TMX 01<\/strong><\/p>\n<p>&nbsp;<\/p>\n<p>Battery operated transmission measuring device. Ideal for the on-site analysis of UVC-transmission for water at 254 nm. This device is needed for the design of new equipments as well as for surveying the water quality. For this device we also offer you a rental service.[\/vc_column_text][\/vc_column_inner][\/vc_row_inner][vc_separator type=&#8221;transparent&#8221; down=&#8221;40&#8243;][\/vc_column][\/vc_row][vc_row css_animation=&#8221;&#8221; row_type=&#8221;row&#8221; use_row_as_full_screen_section=&#8221;no&#8221; type=&#8221;full_width&#8221; angled_section=&#8221;no&#8221; text_align=&#8221;left&#8221; background_image_as_pattern=&#8221;without_pattern&#8221; css=&#8221;.vc_custom_1464608741491{padding-top: 20px !important;padding-bottom: 20px !important;background-color: #2e2e2e !important;}&#8221;][vc_column][vc_column_text]<\/p>\n<h2 style=\"text-align: center;\">Request Form<\/h2>\n<p>[\/vc_column_text][vc_column_text]<\/p>\n<p style=\"text-align: center;\">Please fill out the form below for your reques.<\/p>\n<p>[\/vc_column_text][\/vc_column][\/vc_row][vc_row css_animation=&#8221;&#8221; row_type=&#8221;row&#8221; use_row_as_full_screen_section=&#8221;no&#8221; type=&#8221;grid&#8221; angled_section=&#8221;no&#8221; text_align=&#8221;left&#8221; background_image_as_pattern=&#8221;without_pattern&#8221;][vc_column][vc_separator type=&#8221;transparent&#8221; down=&#8221;10&#8243;]\n<div class=\"wpcf7 no-js\" id=\"wpcf7-f459-o1\" lang=\"tr-TR\" dir=\"ltr\">\n<div class=\"screen-reader-response\"><p role=\"status\" aria-live=\"polite\" aria-atomic=\"true\"><\/p> <ul><\/ul><\/div>\n<form action=\"\/en\/wp-json\/wp\/v2\/pages\/523#wpcf7-f459-o1\" method=\"post\" class=\"wpcf7-form init cf7_custom_style_1\" aria-label=\"\u0130leti\u015fim Formu\" novalidate=\"novalidate\" data-status=\"init\">\n<div style=\"display: none;\">\n<input type=\"hidden\" name=\"_wpcf7\" value=\"459\" \/>\n<input type=\"hidden\" name=\"_wpcf7_version\" value=\"5.9.7\" \/>\n<input type=\"hidden\" name=\"_wpcf7_locale\" value=\"tr_TR\" \/>\n<input type=\"hidden\" name=\"_wpcf7_unit_tag\" value=\"wpcf7-f459-o1\" \/>\n<input type=\"hidden\" name=\"_wpcf7_container_post\" value=\"0\" \/>\n<input type=\"hidden\" name=\"_wpcf7_posted_data_hash\" value=\"\" \/>\n<input type=\"hidden\" name=\"_wpcf7_recaptcha_response\" value=\"\" \/>\n<\/div>\n<p><b>Name<\/b> (required)\n<\/p>\n<p><span class=\"wpcf7-form-control-wrap\" data-name=\"your-name\"><input size=\"40\" maxlength=\"400\" class=\"wpcf7-form-control wpcf7-text wpcf7-validates-as-required\" aria-required=\"true\" aria-invalid=\"false\" value=\"\" type=\"text\" name=\"your-name\" \/><\/span>\n<\/p>\n<p><b>Email<\/b> (required)\n<\/p>\n<p><span class=\"wpcf7-form-control-wrap\" data-name=\"your-email\"><input size=\"40\" maxlength=\"400\" class=\"wpcf7-form-control wpcf7-email wpcf7-validates-as-required wpcf7-text wpcf7-validates-as-email\" aria-required=\"true\" aria-invalid=\"false\" value=\"\" type=\"email\" name=\"your-email\" \/><\/span>\n<\/p>\n<p><b>Phone<\/b> (required)\n<\/p>\n<p><span class=\"wpcf7-form-control-wrap\" data-name=\"tel-895\"><input size=\"40\" maxlength=\"400\" class=\"wpcf7-form-control wpcf7-tel wpcf7-validates-as-required wpcf7-text wpcf7-validates-as-tel\" aria-required=\"true\" aria-invalid=\"false\" value=\"\" type=\"tel\" name=\"tel-895\" \/><\/span>\n<\/p>\n<p><b>Your Request<\/b>\n<\/p>\n<p><span class=\"wpcf7-form-control-wrap\" data-name=\"your-message\"><textarea cols=\"40\" rows=\"10\" maxlength=\"2000\" class=\"wpcf7-form-control wpcf7-textarea\" aria-invalid=\"false\" name=\"your-message\"><\/textarea><\/span>\n<\/p>\n<p><input class=\"wpcf7-form-control wpcf7-submit has-spinner\" type=\"submit\" value=\"Send\" \/>\n<\/p><p style=\"display: none !important;\" class=\"akismet-fields-container\" data-prefix=\"_wpcf7_ak_\"><label>&#916;<textarea name=\"_wpcf7_ak_hp_textarea\" cols=\"45\" rows=\"8\" maxlength=\"100\"><\/textarea><\/label><input type=\"hidden\" id=\"ak_js_1\" name=\"_wpcf7_ak_js\" value=\"148\"\/><script>document.getElementById( \"ak_js_1\" ).setAttribute( \"value\", ( new Date() ).getTime() );<\/script><\/p><div class=\"wpcf7-response-output\" aria-hidden=\"true\"><\/div>\n<\/form>\n<\/div>\n[vc_separator type=&#8221;transparent&#8221; down=&#8221;20&#8243;][\/vc_column][\/vc_row]<\/p>\n","protected":false},"excerpt":{"rendered":"<p>[vc_row css_animation=&#8221;&#8221; row_type=&#8221;row&#8221; use_row_as_full_screen_section=&#8221;no&#8221; type=&#8221;full_width&#8221; angled_section=&#8221;no&#8221; text_align=&#8221;left&#8221; background_image_as_pattern=&#8221;without_pattern&#8221;][vc_column][vc_single_image image=&#8221;294&#8243; img_size=&#8221;full&#8221; qode_css_animation=&#8221;&#8221; el_class=&#8221;UV Measuring Devices&#8221;][\/vc_column][\/vc_row][vc_row css_animation=&#8221;&#8221; row_type=&#8221;row&#8221; use_row_as_full_screen_section=&#8221;no&#8221; type=&#8221;grid&#8221; angled_section=&#8221;no&#8221; text_align=&#8221;left&#8221; background_image_as_pattern=&#8221;without_pattern&#8221; css=&#8221;.vc_custom_1464092965069{padding-top: 20px !important;padding-bottom: 20px !important;background-color: #2e2e2e !important;}&#8221;][vc_column][vc_column_text] UV Measuring Devices [\/vc_column_text][\/vc_column][\/vc_row][vc_row css_animation=&#8221;&#8221; row_type=&#8221;row&#8221; use_row_as_full_screen_section=&#8221;no&#8221; type=&#8221;grid&#8221; angled_section=&#8221;no&#8221; text_align=&#8221;left&#8221; background_image_as_pattern=&#8221;without_pattern&#8221;][vc_column][vc_separator type=&#8221;transparent&#8221; down=&#8221;20&#8243;][vc_column_text] UV Measuring Devices; &nbsp;&#8230;<\/p>\n","protected":false},"author":1,"featured_media":0,"parent":506,"menu_order":0,"comment_status":"closed","ping_status":"closed","template":"full_width.php","meta":{"footnotes":""},"yoast_head":"<!-- This site is optimized with the Yoast SEO plugin v23.1 - https:\/\/yoast.com\/wordpress\/plugins\/seo\/ -->\n<title>UV Measuring Devices - UV Measuring Technology - UV Teknik<\/title>\n<meta name=\"description\" content=\"UV Measuring Devices, UV Measuring Technology. Simple handheld unit to monitor the radiation intensity in production processes or laboratory applications.\" \/>\n<meta name=\"robots\" content=\"index, follow, max-snippet:-1, max-image-preview:large, max-video-preview:-1\" \/>\n<link rel=\"canonical\" href=\"https:\/\/uvteknik.com\/en\/uv-measuring-technology\/uv-measuring-devices\/\" \/>\n<meta property=\"og:locale\" content=\"en_US\" \/>\n<meta property=\"og:type\" content=\"article\" \/>\n<meta property=\"og:title\" content=\"UV Measuring Devices - UV Measuring Technology - UV Teknik\" \/>\n<meta property=\"og:description\" content=\"UV Measuring Devices, UV Measuring Technology. Simple handheld unit to monitor the radiation intensity in production processes or laboratory applications.\" \/>\n<meta property=\"og:url\" content=\"https:\/\/uvteknik.com\/en\/uv-measuring-technology\/uv-measuring-devices\/\" \/>\n<meta property=\"og:site_name\" content=\"UV Teknik\" \/>\n<meta property=\"article:publisher\" content=\"https:\/\/www.facebook.com\/uvteknik\" \/>\n<meta property=\"article:modified_time\" content=\"2019-12-16T11:05:53+00:00\" \/>\n<meta property=\"og:image\" content=\"http:\/\/uvteknik.com\/wp-content\/uploads\/2016\/06\/Uv-metre-1.jpg\" \/>\n<meta name=\"twitter:card\" content=\"summary_large_image\" \/>\n<meta name=\"twitter:site\" content=\"@uvteknik\" \/>\n<meta name=\"twitter:label1\" content=\"Est. reading time\" \/>\n\t<meta name=\"twitter:data1\" content=\"3 minutes\" \/>\n<script type=\"application\/ld+json\" class=\"yoast-schema-graph\">{\"@context\":\"https:\/\/schema.org\",\"@graph\":[{\"@type\":\"WebPage\",\"@id\":\"https:\/\/uvteknik.com\/en\/uv-measuring-technology\/uv-measuring-devices\/\",\"url\":\"https:\/\/uvteknik.com\/en\/uv-measuring-technology\/uv-measuring-devices\/\",\"name\":\"UV Measuring Devices - UV Measuring Technology - UV Teknik\",\"isPartOf\":{\"@id\":\"https:\/\/uvteknik.com\/#website\"},\"primaryImageOfPage\":{\"@id\":\"https:\/\/uvteknik.com\/en\/uv-measuring-technology\/uv-measuring-devices\/#primaryimage\"},\"image\":{\"@id\":\"https:\/\/uvteknik.com\/en\/uv-measuring-technology\/uv-measuring-devices\/#primaryimage\"},\"thumbnailUrl\":\"http:\/\/uvteknik.com\/wp-content\/uploads\/2016\/06\/Uv-metre-1.jpg\",\"datePublished\":\"2016-06-16T09:04:06+00:00\",\"dateModified\":\"2019-12-16T11:05:53+00:00\",\"description\":\"UV Measuring Devices, UV Measuring Technology. Simple handheld unit to monitor the radiation intensity in production processes or laboratory applications.\",\"breadcrumb\":{\"@id\":\"https:\/\/uvteknik.com\/en\/uv-measuring-technology\/uv-measuring-devices\/#breadcrumb\"},\"inLanguage\":\"en-US\",\"potentialAction\":[{\"@type\":\"ReadAction\",\"target\":[\"https:\/\/uvteknik.com\/en\/uv-measuring-technology\/uv-measuring-devices\/\"]}]},{\"@type\":\"ImageObject\",\"inLanguage\":\"en-US\",\"@id\":\"https:\/\/uvteknik.com\/en\/uv-measuring-technology\/uv-measuring-devices\/#primaryimage\",\"url\":\"http:\/\/uvteknik.com\/wp-content\/uploads\/2016\/06\/Uv-metre-1.jpg\",\"contentUrl\":\"http:\/\/uvteknik.com\/wp-content\/uploads\/2016\/06\/Uv-metre-1.jpg\"},{\"@type\":\"BreadcrumbList\",\"@id\":\"https:\/\/uvteknik.com\/en\/uv-measuring-technology\/uv-measuring-devices\/#breadcrumb\",\"itemListElement\":[{\"@type\":\"ListItem\",\"position\":1,\"name\":\"Ana sayfa\",\"item\":\"https:\/\/uvteknik.com\/en\/?page_id=6435\"},{\"@type\":\"ListItem\",\"position\":2,\"name\":\"UV Measuring Technology\",\"item\":\"https:\/\/uvteknik.com\/en\/uv-measuring-technology\/\"},{\"@type\":\"ListItem\",\"position\":3,\"name\":\"UV Measuring Devices\"}]},{\"@type\":\"WebSite\",\"@id\":\"https:\/\/uvteknik.com\/#website\",\"url\":\"https:\/\/uvteknik.com\/\",\"name\":\"UV Teknik\",\"description\":\"UV Filtre ve UV Lambalar\",\"potentialAction\":[{\"@type\":\"SearchAction\",\"target\":{\"@type\":\"EntryPoint\",\"urlTemplate\":\"https:\/\/uvteknik.com\/?s={search_term_string}\"},\"query-input\":\"required name=search_term_string\"}],\"inLanguage\":\"en-US\"}]}<\/script>\n<!-- \/ Yoast SEO plugin. -->","yoast_head_json":{"title":"UV Measuring Devices - UV Measuring Technology - UV Teknik","description":"UV Measuring Devices, UV Measuring Technology. Simple handheld unit to monitor the radiation intensity in production processes or laboratory applications.","robots":{"index":"index","follow":"follow","max-snippet":"max-snippet:-1","max-image-preview":"max-image-preview:large","max-video-preview":"max-video-preview:-1"},"canonical":"https:\/\/uvteknik.com\/en\/uv-measuring-technology\/uv-measuring-devices\/","og_locale":"en_US","og_type":"article","og_title":"UV Measuring Devices - UV Measuring Technology - UV Teknik","og_description":"UV Measuring Devices, UV Measuring Technology. Simple handheld unit to monitor the radiation intensity in production processes or laboratory applications.","og_url":"https:\/\/uvteknik.com\/en\/uv-measuring-technology\/uv-measuring-devices\/","og_site_name":"UV Teknik","article_publisher":"https:\/\/www.facebook.com\/uvteknik","article_modified_time":"2019-12-16T11:05:53+00:00","og_image":[{"url":"http:\/\/uvteknik.com\/wp-content\/uploads\/2016\/06\/Uv-metre-1.jpg"}],"twitter_card":"summary_large_image","twitter_site":"@uvteknik","twitter_misc":{"Est. reading time":"3 minutes"},"schema":{"@context":"https:\/\/schema.org","@graph":[{"@type":"WebPage","@id":"https:\/\/uvteknik.com\/en\/uv-measuring-technology\/uv-measuring-devices\/","url":"https:\/\/uvteknik.com\/en\/uv-measuring-technology\/uv-measuring-devices\/","name":"UV Measuring Devices - UV Measuring Technology - UV Teknik","isPartOf":{"@id":"https:\/\/uvteknik.com\/#website"},"primaryImageOfPage":{"@id":"https:\/\/uvteknik.com\/en\/uv-measuring-technology\/uv-measuring-devices\/#primaryimage"},"image":{"@id":"https:\/\/uvteknik.com\/en\/uv-measuring-technology\/uv-measuring-devices\/#primaryimage"},"thumbnailUrl":"http:\/\/uvteknik.com\/wp-content\/uploads\/2016\/06\/Uv-metre-1.jpg","datePublished":"2016-06-16T09:04:06+00:00","dateModified":"2019-12-16T11:05:53+00:00","description":"UV Measuring Devices, UV Measuring Technology. Simple handheld unit to monitor the radiation intensity in production processes or laboratory applications.","breadcrumb":{"@id":"https:\/\/uvteknik.com\/en\/uv-measuring-technology\/uv-measuring-devices\/#breadcrumb"},"inLanguage":"en-US","potentialAction":[{"@type":"ReadAction","target":["https:\/\/uvteknik.com\/en\/uv-measuring-technology\/uv-measuring-devices\/"]}]},{"@type":"ImageObject","inLanguage":"en-US","@id":"https:\/\/uvteknik.com\/en\/uv-measuring-technology\/uv-measuring-devices\/#primaryimage","url":"http:\/\/uvteknik.com\/wp-content\/uploads\/2016\/06\/Uv-metre-1.jpg","contentUrl":"http:\/\/uvteknik.com\/wp-content\/uploads\/2016\/06\/Uv-metre-1.jpg"},{"@type":"BreadcrumbList","@id":"https:\/\/uvteknik.com\/en\/uv-measuring-technology\/uv-measuring-devices\/#breadcrumb","itemListElement":[{"@type":"ListItem","position":1,"name":"Ana sayfa","item":"https:\/\/uvteknik.com\/en\/?page_id=6435"},{"@type":"ListItem","position":2,"name":"UV Measuring Technology","item":"https:\/\/uvteknik.com\/en\/uv-measuring-technology\/"},{"@type":"ListItem","position":3,"name":"UV Measuring Devices"}]},{"@type":"WebSite","@id":"https:\/\/uvteknik.com\/#website","url":"https:\/\/uvteknik.com\/","name":"UV Teknik","description":"UV Filtre ve UV Lambalar","potentialAction":[{"@type":"SearchAction","target":{"@type":"EntryPoint","urlTemplate":"https:\/\/uvteknik.com\/?s={search_term_string}"},"query-input":"required name=search_term_string"}],"inLanguage":"en-US"}]}},"_links":{"self":[{"href":"https:\/\/uvteknik.com\/en\/wp-json\/wp\/v2\/pages\/523"}],"collection":[{"href":"https:\/\/uvteknik.com\/en\/wp-json\/wp\/v2\/pages"}],"about":[{"href":"https:\/\/uvteknik.com\/en\/wp-json\/wp\/v2\/types\/page"}],"author":[{"embeddable":true,"href":"https:\/\/uvteknik.com\/en\/wp-json\/wp\/v2\/users\/1"}],"replies":[{"embeddable":true,"href":"https:\/\/uvteknik.com\/en\/wp-json\/wp\/v2\/comments?post=523"}],"version-history":[{"count":3,"href":"https:\/\/uvteknik.com\/en\/wp-json\/wp\/v2\/pages\/523\/revisions"}],"predecessor-version":[{"id":685,"href":"https:\/\/uvteknik.com\/en\/wp-json\/wp\/v2\/pages\/523\/revisions\/685"}],"up":[{"embeddable":true,"href":"https:\/\/uvteknik.com\/en\/wp-json\/wp\/v2\/pages\/506"}],"wp:attachment":[{"href":"https:\/\/uvteknik.com\/en\/wp-json\/wp\/v2\/media?parent=523"}],"curies":[{"name":"wp","href":"https:\/\/api.w.org\/{rel}","templated":true}]}}