{"id":498,"date":"2016-06-10T17:01:32","date_gmt":"2016-06-10T14:01:32","guid":{"rendered":"http:\/\/uvteknik.com\/en\/uv-electronic-power-supplies\/mlc-rack-uv-guc-kaynagi\/"},"modified":"2019-12-16T13:50:01","modified_gmt":"2019-12-16T10:50:01","slug":"mlc-rack-uv-power-supplies","status":"publish","type":"page","link":"https:\/\/uvteknik.com\/en\/uv-electronic-power-supplies\/mlc-rack-uv-power-supplies\/","title":{"rendered":"MLC-Rack UV Power Supplies"},"content":{"rendered":"<p>[vc_row css_animation=&#8221;&#8221; row_type=&#8221;row&#8221; use_row_as_full_screen_section=&#8221;no&#8221; type=&#8221;full_width&#8221; angled_section=&#8221;no&#8221; text_align=&#8221;left&#8221; background_image_as_pattern=&#8221;without_pattern&#8221;][vc_column][vc_single_image image=&#8221;237&#8243; img_size=&#8221;full&#8221; qode_css_animation=&#8221;&#8221; el_class=&#8221;MLC-Rack UV Power Supplies&#8221;][\/vc_column][\/vc_row][vc_row css_animation=&#8221;&#8221; row_type=&#8221;row&#8221; use_row_as_full_screen_section=&#8221;no&#8221; type=&#8221;grid&#8221; angled_section=&#8221;no&#8221; text_align=&#8221;left&#8221; background_image_as_pattern=&#8221;without_pattern&#8221; css=&#8221;.vc_custom_1464092965069{padding-top: 20px !important;padding-bottom: 20px !important;background-color: #2e2e2e !important;}&#8221;][vc_column][vc_column_text]<\/p>\n<h2>MLC-Rack UV Power Supplies<\/h2>\n<p>[\/vc_column_text][\/vc_column][\/vc_row][vc_row css_animation=&#8221;&#8221; row_type=&#8221;row&#8221; use_row_as_full_screen_section=&#8221;no&#8221; type=&#8221;grid&#8221; angled_section=&#8221;no&#8221; text_align=&#8221;left&#8221; background_image_as_pattern=&#8221;without_pattern&#8221;][vc_column][vc_separator type=&#8221;transparent&#8221; down=&#8221;20&#8243;][vc_column_text]<\/p>\n<div id=\"attachment_240\" style=\"width: 357px\" class=\"wp-caption alignleft\"><img loading=\"lazy\" decoding=\"async\" aria-describedby=\"caption-attachment-240\" class=\"wp-image-240 size-full\" src=\"http:\/\/uvteknik.com\/wp-content\/uploads\/2016\/06\/UV-guc-kaynagi-MLC-Rack.jpg\" alt=\"MLC-Rack UV Power Supplies\" width=\"347\" height=\"260\" srcset=\"https:\/\/uvteknik.com\/wp-content\/uploads\/2016\/06\/UV-guc-kaynagi-MLC-Rack.jpg 347w, https:\/\/uvteknik.com\/wp-content\/uploads\/2016\/06\/UV-guc-kaynagi-MLC-Rack-300x225.jpg 300w\" sizes=\"(max-width: 347px) 100vw, 347px\" \/><p id=\"caption-attachment-240\" class=\"wp-caption-text\">MLC-Rack<\/p><\/div>\n<h2>MLC-Rack UV power supplies;<\/h2>\n<p>&nbsp;<\/p>\n<p class=\"bodytext\">The MLC-Rack is an electronic power supply for up to 30 UV-lamps per system. Its modular design guarantees minimum installation effort an ensures efficient maintenance routines.<\/p>\n<p>&nbsp;<\/p>\n<p class=\"bodytext\">Ethernet an ModBus communication provide excellent control and monitoring of each and every lamp.<\/p>\n<p>&nbsp;<\/p>\n<p class=\"bodytext\">In addition, our patent-pending lamp control allows efficient and gentle lamp operation, so the lamp life-time can be extended. The dimming function is a standard feature.<\/p>\n<p>&nbsp;<\/p>\n<p class=\"bodytext\">For larger applications treating drinking water or waste water, the MLC-Rack is an excellent choice of power supply.<\/p>\n<p>[\/vc_column_text][vc_separator type=&#8221;transparent&#8221; down=&#8221;70&#8243;][vc_column_text]<\/p>\n<p style=\"text-align: center;\"><strong>Specifications:<\/strong><\/p>\n<p style=\"text-align: center;\">Lamp power up to 1,000 W per lamp<br \/>\nModifications to meet the costomer&#8217;s needs are possible<br \/>\nVery low THDI-value of &lt;5%<br \/>\nUniversal supply voltage between 320 V and 520 V<br \/>\nGL-conformity for ballast water treatment systems<br \/>\nStep-less power control from 30-100%<br \/>\nPossible modification on customer&#8217;s requests and specifications<\/p>\n<p>[\/vc_column_text][vc_separator type=&#8221;transparent&#8221; down=&#8221;40&#8243;][\/vc_column][\/vc_row][vc_row css_animation=&#8221;&#8221; row_type=&#8221;row&#8221; use_row_as_full_screen_section=&#8221;no&#8221; type=&#8221;full_width&#8221; angled_section=&#8221;no&#8221; text_align=&#8221;left&#8221; background_image_as_pattern=&#8221;without_pattern&#8221; css=&#8221;.vc_custom_1464608741491{padding-top: 20px !important;padding-bottom: 20px !important;background-color: #2e2e2e !important;}&#8221;][vc_column][vc_column_text]<\/p>\n<h2 style=\"text-align: center;\">Request Form<\/h2>\n<p>[\/vc_column_text][vc_column_text]<\/p>\n<p style=\"text-align: center;\">Please fill out the form below for your reques.<\/p>\n<p>[\/vc_column_text][\/vc_column][\/vc_row][vc_row css_animation=&#8221;&#8221; row_type=&#8221;row&#8221; use_row_as_full_screen_section=&#8221;no&#8221; type=&#8221;grid&#8221; angled_section=&#8221;no&#8221; text_align=&#8221;left&#8221; background_image_as_pattern=&#8221;without_pattern&#8221;][vc_column][vc_separator type=&#8221;transparent&#8221; down=&#8221;10&#8243;]\n<div class=\"wpcf7 no-js\" id=\"wpcf7-f459-o1\" lang=\"tr-TR\" dir=\"ltr\">\n<div class=\"screen-reader-response\"><p role=\"status\" aria-live=\"polite\" aria-atomic=\"true\"><\/p> <ul><\/ul><\/div>\n<form action=\"\/en\/wp-json\/wp\/v2\/pages\/498#wpcf7-f459-o1\" method=\"post\" class=\"wpcf7-form init cf7_custom_style_1\" aria-label=\"\u0130leti\u015fim Formu\" novalidate=\"novalidate\" data-status=\"init\">\n<div style=\"display: none;\">\n<input type=\"hidden\" name=\"_wpcf7\" value=\"459\" \/>\n<input type=\"hidden\" name=\"_wpcf7_version\" value=\"5.9.7\" \/>\n<input type=\"hidden\" name=\"_wpcf7_locale\" value=\"tr_TR\" \/>\n<input type=\"hidden\" name=\"_wpcf7_unit_tag\" value=\"wpcf7-f459-o1\" \/>\n<input type=\"hidden\" name=\"_wpcf7_container_post\" value=\"0\" \/>\n<input type=\"hidden\" name=\"_wpcf7_posted_data_hash\" value=\"\" \/>\n<input type=\"hidden\" name=\"_wpcf7_recaptcha_response\" value=\"\" \/>\n<\/div>\n<p><b>Name<\/b> (required)\n<\/p>\n<p><span class=\"wpcf7-form-control-wrap\" data-name=\"your-name\"><input size=\"40\" maxlength=\"400\" class=\"wpcf7-form-control wpcf7-text wpcf7-validates-as-required\" aria-required=\"true\" aria-invalid=\"false\" value=\"\" type=\"text\" name=\"your-name\" \/><\/span>\n<\/p>\n<p><b>Email<\/b> (required)\n<\/p>\n<p><span class=\"wpcf7-form-control-wrap\" data-name=\"your-email\"><input size=\"40\" maxlength=\"400\" class=\"wpcf7-form-control wpcf7-email wpcf7-validates-as-required wpcf7-text wpcf7-validates-as-email\" aria-required=\"true\" aria-invalid=\"false\" value=\"\" type=\"email\" name=\"your-email\" \/><\/span>\n<\/p>\n<p><b>Phone<\/b> (required)\n<\/p>\n<p><span class=\"wpcf7-form-control-wrap\" data-name=\"tel-895\"><input size=\"40\" maxlength=\"400\" class=\"wpcf7-form-control wpcf7-tel wpcf7-validates-as-required wpcf7-text wpcf7-validates-as-tel\" aria-required=\"true\" aria-invalid=\"false\" value=\"\" type=\"tel\" name=\"tel-895\" \/><\/span>\n<\/p>\n<p><b>Your Request<\/b>\n<\/p>\n<p><span class=\"wpcf7-form-control-wrap\" data-name=\"your-message\"><textarea cols=\"40\" rows=\"10\" maxlength=\"2000\" class=\"wpcf7-form-control wpcf7-textarea\" aria-invalid=\"false\" name=\"your-message\"><\/textarea><\/span>\n<\/p>\n<p><input class=\"wpcf7-form-control wpcf7-submit has-spinner\" type=\"submit\" value=\"Send\" \/>\n<\/p><p style=\"display: none !important;\" class=\"akismet-fields-container\" data-prefix=\"_wpcf7_ak_\"><label>&#916;<textarea name=\"_wpcf7_ak_hp_textarea\" cols=\"45\" rows=\"8\" maxlength=\"100\"><\/textarea><\/label><input type=\"hidden\" id=\"ak_js_1\" name=\"_wpcf7_ak_js\" value=\"36\"\/><script>document.getElementById( \"ak_js_1\" ).setAttribute( \"value\", ( new Date() ).getTime() );<\/script><\/p><div class=\"wpcf7-response-output\" aria-hidden=\"true\"><\/div>\n<\/form>\n<\/div>\n[vc_separator type=&#8221;transparent&#8221; down=&#8221;20&#8243;][\/vc_column][\/vc_row]<\/p>\n","protected":false},"excerpt":{"rendered":"<p>[vc_row css_animation=&#8221;&#8221; row_type=&#8221;row&#8221; use_row_as_full_screen_section=&#8221;no&#8221; type=&#8221;full_width&#8221; angled_section=&#8221;no&#8221; text_align=&#8221;left&#8221; background_image_as_pattern=&#8221;without_pattern&#8221;][vc_column][vc_single_image image=&#8221;237&#8243; img_size=&#8221;full&#8221; qode_css_animation=&#8221;&#8221; el_class=&#8221;MLC-Rack UV Power Supplies&#8221;][\/vc_column][\/vc_row][vc_row css_animation=&#8221;&#8221; row_type=&#8221;row&#8221; use_row_as_full_screen_section=&#8221;no&#8221; type=&#8221;grid&#8221; angled_section=&#8221;no&#8221; text_align=&#8221;left&#8221; background_image_as_pattern=&#8221;without_pattern&#8221; css=&#8221;.vc_custom_1464092965069{padding-top: 20px !important;padding-bottom: 20px !important;background-color: #2e2e2e !important;}&#8221;][vc_column][vc_column_text] MLC-Rack UV Power Supplies [\/vc_column_text][\/vc_column][\/vc_row][vc_row css_animation=&#8221;&#8221; row_type=&#8221;row&#8221; use_row_as_full_screen_section=&#8221;no&#8221; type=&#8221;grid&#8221; angled_section=&#8221;no&#8221; text_align=&#8221;left&#8221; background_image_as_pattern=&#8221;without_pattern&#8221;][vc_column][vc_separator type=&#8221;transparent&#8221; down=&#8221;20&#8243;][vc_column_text] MLC-Rack UV&#8230;<\/p>\n","protected":false},"author":1,"featured_media":0,"parent":475,"menu_order":0,"comment_status":"closed","ping_status":"closed","template":"full_width.php","meta":{"footnotes":""},"yoast_head":"<!-- This site is optimized with the Yoast SEO plugin v23.1 - https:\/\/yoast.com\/wordpress\/plugins\/seo\/ -->\n<title>MLC-Rack UV Power Supplies - UV Electronic Power Supplies - UV Teknik<\/title>\n<meta name=\"description\" content=\"MLC-Rack UV G\u00fc\u00e7 kayna\u011f\u0131, Bu cihaz 30 adet UV lambaya kadar kullan\u0131labilen g\u00fc\u00e7 kayna\u011f\u0131d\u0131r. Mod\u00fcler tasar\u0131m\u0131 sayesinde rutin kontrollerde kolayl\u0131k sa\u011flar.\" \/>\n<meta name=\"robots\" content=\"index, follow, max-snippet:-1, max-image-preview:large, max-video-preview:-1\" \/>\n<link rel=\"canonical\" href=\"https:\/\/uvteknik.com\/en\/uv-electronic-power-supplies\/mlc-rack-uv-power-supplies\/\" \/>\n<meta property=\"og:locale\" content=\"en_US\" \/>\n<meta property=\"og:type\" content=\"article\" \/>\n<meta property=\"og:title\" content=\"MLC-Rack UV Power Supplies - UV Electronic Power Supplies - UV Teknik\" \/>\n<meta property=\"og:description\" content=\"MLC-Rack UV G\u00fc\u00e7 kayna\u011f\u0131, Bu cihaz 30 adet UV lambaya kadar kullan\u0131labilen g\u00fc\u00e7 kayna\u011f\u0131d\u0131r. Mod\u00fcler tasar\u0131m\u0131 sayesinde rutin kontrollerde kolayl\u0131k sa\u011flar.\" \/>\n<meta property=\"og:url\" content=\"https:\/\/uvteknik.com\/en\/uv-electronic-power-supplies\/mlc-rack-uv-power-supplies\/\" \/>\n<meta property=\"og:site_name\" content=\"UV Teknik\" \/>\n<meta property=\"article:publisher\" content=\"https:\/\/www.facebook.com\/uvteknik\" \/>\n<meta property=\"article:modified_time\" content=\"2019-12-16T10:50:01+00:00\" \/>\n<meta property=\"og:image\" content=\"http:\/\/uvteknik.com\/wp-content\/uploads\/2016\/06\/UV-guc-kaynagi-MLC-Rack.jpg\" \/>\n<meta name=\"twitter:card\" content=\"summary_large_image\" \/>\n<meta name=\"twitter:site\" content=\"@uvteknik\" \/>\n<meta name=\"twitter:label1\" content=\"Est. reading time\" \/>\n\t<meta name=\"twitter:data1\" content=\"2 minutes\" \/>\n<script type=\"application\/ld+json\" class=\"yoast-schema-graph\">{\"@context\":\"https:\/\/schema.org\",\"@graph\":[{\"@type\":\"WebPage\",\"@id\":\"https:\/\/uvteknik.com\/en\/uv-electronic-power-supplies\/mlc-rack-uv-power-supplies\/\",\"url\":\"https:\/\/uvteknik.com\/en\/uv-electronic-power-supplies\/mlc-rack-uv-power-supplies\/\",\"name\":\"MLC-Rack UV Power Supplies - UV Electronic Power Supplies - UV Teknik\",\"isPartOf\":{\"@id\":\"https:\/\/uvteknik.com\/#website\"},\"primaryImageOfPage\":{\"@id\":\"https:\/\/uvteknik.com\/en\/uv-electronic-power-supplies\/mlc-rack-uv-power-supplies\/#primaryimage\"},\"image\":{\"@id\":\"https:\/\/uvteknik.com\/en\/uv-electronic-power-supplies\/mlc-rack-uv-power-supplies\/#primaryimage\"},\"thumbnailUrl\":\"http:\/\/uvteknik.com\/wp-content\/uploads\/2016\/06\/UV-guc-kaynagi-MLC-Rack.jpg\",\"datePublished\":\"2016-06-10T14:01:32+00:00\",\"dateModified\":\"2019-12-16T10:50:01+00:00\",\"description\":\"MLC-Rack UV G\u00fc\u00e7 kayna\u011f\u0131, Bu cihaz 30 adet UV lambaya kadar kullan\u0131labilen g\u00fc\u00e7 kayna\u011f\u0131d\u0131r. Mod\u00fcler tasar\u0131m\u0131 sayesinde rutin kontrollerde kolayl\u0131k sa\u011flar.\",\"breadcrumb\":{\"@id\":\"https:\/\/uvteknik.com\/en\/uv-electronic-power-supplies\/mlc-rack-uv-power-supplies\/#breadcrumb\"},\"inLanguage\":\"en-US\",\"potentialAction\":[{\"@type\":\"ReadAction\",\"target\":[\"https:\/\/uvteknik.com\/en\/uv-electronic-power-supplies\/mlc-rack-uv-power-supplies\/\"]}]},{\"@type\":\"ImageObject\",\"inLanguage\":\"en-US\",\"@id\":\"https:\/\/uvteknik.com\/en\/uv-electronic-power-supplies\/mlc-rack-uv-power-supplies\/#primaryimage\",\"url\":\"http:\/\/uvteknik.com\/wp-content\/uploads\/2016\/06\/UV-guc-kaynagi-MLC-Rack.jpg\",\"contentUrl\":\"http:\/\/uvteknik.com\/wp-content\/uploads\/2016\/06\/UV-guc-kaynagi-MLC-Rack.jpg\"},{\"@type\":\"BreadcrumbList\",\"@id\":\"https:\/\/uvteknik.com\/en\/uv-electronic-power-supplies\/mlc-rack-uv-power-supplies\/#breadcrumb\",\"itemListElement\":[{\"@type\":\"ListItem\",\"position\":1,\"name\":\"Ana sayfa\",\"item\":\"https:\/\/uvteknik.com\/en\/?page_id=6435\"},{\"@type\":\"ListItem\",\"position\":2,\"name\":\"UV Electronic Power Supplies\",\"item\":\"https:\/\/uvteknik.com\/en\/uv-electronic-power-supplies\/\"},{\"@type\":\"ListItem\",\"position\":3,\"name\":\"MLC-Rack UV Power Supplies\"}]},{\"@type\":\"WebSite\",\"@id\":\"https:\/\/uvteknik.com\/#website\",\"url\":\"https:\/\/uvteknik.com\/\",\"name\":\"UV Teknik\",\"description\":\"UV Filtre ve UV Lambalar\",\"potentialAction\":[{\"@type\":\"SearchAction\",\"target\":{\"@type\":\"EntryPoint\",\"urlTemplate\":\"https:\/\/uvteknik.com\/?s={search_term_string}\"},\"query-input\":\"required name=search_term_string\"}],\"inLanguage\":\"en-US\"}]}<\/script>\n<!-- \/ Yoast SEO plugin. -->","yoast_head_json":{"title":"MLC-Rack UV Power Supplies - UV Electronic Power Supplies - UV Teknik","description":"MLC-Rack UV G\u00fc\u00e7 kayna\u011f\u0131, Bu cihaz 30 adet UV lambaya kadar kullan\u0131labilen g\u00fc\u00e7 kayna\u011f\u0131d\u0131r. Mod\u00fcler tasar\u0131m\u0131 sayesinde rutin kontrollerde kolayl\u0131k sa\u011flar.","robots":{"index":"index","follow":"follow","max-snippet":"max-snippet:-1","max-image-preview":"max-image-preview:large","max-video-preview":"max-video-preview:-1"},"canonical":"https:\/\/uvteknik.com\/en\/uv-electronic-power-supplies\/mlc-rack-uv-power-supplies\/","og_locale":"en_US","og_type":"article","og_title":"MLC-Rack UV Power Supplies - UV Electronic Power Supplies - UV Teknik","og_description":"MLC-Rack UV G\u00fc\u00e7 kayna\u011f\u0131, Bu cihaz 30 adet UV lambaya kadar kullan\u0131labilen g\u00fc\u00e7 kayna\u011f\u0131d\u0131r. Mod\u00fcler tasar\u0131m\u0131 sayesinde rutin kontrollerde kolayl\u0131k sa\u011flar.","og_url":"https:\/\/uvteknik.com\/en\/uv-electronic-power-supplies\/mlc-rack-uv-power-supplies\/","og_site_name":"UV Teknik","article_publisher":"https:\/\/www.facebook.com\/uvteknik","article_modified_time":"2019-12-16T10:50:01+00:00","og_image":[{"url":"http:\/\/uvteknik.com\/wp-content\/uploads\/2016\/06\/UV-guc-kaynagi-MLC-Rack.jpg"}],"twitter_card":"summary_large_image","twitter_site":"@uvteknik","twitter_misc":{"Est. reading time":"2 minutes"},"schema":{"@context":"https:\/\/schema.org","@graph":[{"@type":"WebPage","@id":"https:\/\/uvteknik.com\/en\/uv-electronic-power-supplies\/mlc-rack-uv-power-supplies\/","url":"https:\/\/uvteknik.com\/en\/uv-electronic-power-supplies\/mlc-rack-uv-power-supplies\/","name":"MLC-Rack UV Power Supplies - UV Electronic Power Supplies - UV Teknik","isPartOf":{"@id":"https:\/\/uvteknik.com\/#website"},"primaryImageOfPage":{"@id":"https:\/\/uvteknik.com\/en\/uv-electronic-power-supplies\/mlc-rack-uv-power-supplies\/#primaryimage"},"image":{"@id":"https:\/\/uvteknik.com\/en\/uv-electronic-power-supplies\/mlc-rack-uv-power-supplies\/#primaryimage"},"thumbnailUrl":"http:\/\/uvteknik.com\/wp-content\/uploads\/2016\/06\/UV-guc-kaynagi-MLC-Rack.jpg","datePublished":"2016-06-10T14:01:32+00:00","dateModified":"2019-12-16T10:50:01+00:00","description":"MLC-Rack UV G\u00fc\u00e7 kayna\u011f\u0131, Bu cihaz 30 adet UV lambaya kadar kullan\u0131labilen g\u00fc\u00e7 kayna\u011f\u0131d\u0131r. Mod\u00fcler tasar\u0131m\u0131 sayesinde rutin kontrollerde kolayl\u0131k sa\u011flar.","breadcrumb":{"@id":"https:\/\/uvteknik.com\/en\/uv-electronic-power-supplies\/mlc-rack-uv-power-supplies\/#breadcrumb"},"inLanguage":"en-US","potentialAction":[{"@type":"ReadAction","target":["https:\/\/uvteknik.com\/en\/uv-electronic-power-supplies\/mlc-rack-uv-power-supplies\/"]}]},{"@type":"ImageObject","inLanguage":"en-US","@id":"https:\/\/uvteknik.com\/en\/uv-electronic-power-supplies\/mlc-rack-uv-power-supplies\/#primaryimage","url":"http:\/\/uvteknik.com\/wp-content\/uploads\/2016\/06\/UV-guc-kaynagi-MLC-Rack.jpg","contentUrl":"http:\/\/uvteknik.com\/wp-content\/uploads\/2016\/06\/UV-guc-kaynagi-MLC-Rack.jpg"},{"@type":"BreadcrumbList","@id":"https:\/\/uvteknik.com\/en\/uv-electronic-power-supplies\/mlc-rack-uv-power-supplies\/#breadcrumb","itemListElement":[{"@type":"ListItem","position":1,"name":"Ana sayfa","item":"https:\/\/uvteknik.com\/en\/?page_id=6435"},{"@type":"ListItem","position":2,"name":"UV Electronic Power Supplies","item":"https:\/\/uvteknik.com\/en\/uv-electronic-power-supplies\/"},{"@type":"ListItem","position":3,"name":"MLC-Rack UV Power Supplies"}]},{"@type":"WebSite","@id":"https:\/\/uvteknik.com\/#website","url":"https:\/\/uvteknik.com\/","name":"UV Teknik","description":"UV Filtre ve UV Lambalar","potentialAction":[{"@type":"SearchAction","target":{"@type":"EntryPoint","urlTemplate":"https:\/\/uvteknik.com\/?s={search_term_string}"},"query-input":"required name=search_term_string"}],"inLanguage":"en-US"}]}},"_links":{"self":[{"href":"https:\/\/uvteknik.com\/en\/wp-json\/wp\/v2\/pages\/498"}],"collection":[{"href":"https:\/\/uvteknik.com\/en\/wp-json\/wp\/v2\/pages"}],"about":[{"href":"https:\/\/uvteknik.com\/en\/wp-json\/wp\/v2\/types\/page"}],"author":[{"embeddable":true,"href":"https:\/\/uvteknik.com\/en\/wp-json\/wp\/v2\/users\/1"}],"replies":[{"embeddable":true,"href":"https:\/\/uvteknik.com\/en\/wp-json\/wp\/v2\/comments?post=498"}],"version-history":[{"count":5,"href":"https:\/\/uvteknik.com\/en\/wp-json\/wp\/v2\/pages\/498\/revisions"}],"predecessor-version":[{"id":673,"href":"https:\/\/uvteknik.com\/en\/wp-json\/wp\/v2\/pages\/498\/revisions\/673"}],"up":[{"embeddable":true,"href":"https:\/\/uvteknik.com\/en\/wp-json\/wp\/v2\/pages\/475"}],"wp:attachment":[{"href":"https:\/\/uvteknik.com\/en\/wp-json\/wp\/v2\/media?parent=498"}],"curies":[{"name":"wp","href":"https:\/\/api.w.org\/{rel}","templated":true}]}}