{"id":479,"date":"2016-06-10T15:02:52","date_gmt":"2016-06-10T12:02:52","guid":{"rendered":"http:\/\/uvteknik.com\/en\/uv-electronic-power-supplies\/lp-eps-uv-guc-kaynagi\/"},"modified":"2019-12-16T13:46:05","modified_gmt":"2019-12-16T10:46:05","slug":"lp-eps-for-uv-low-pressure-lamps","status":"publish","type":"page","link":"https:\/\/uvteknik.com\/en\/uv-electronic-power-supplies\/lp-eps-for-uv-low-pressure-lamps\/","title":{"rendered":"LP-EPS For UV Low-Pressure Lamps"},"content":{"rendered":"<p>[vc_row css_animation=&#8221;&#8221; row_type=&#8221;row&#8221; use_row_as_full_screen_section=&#8221;no&#8221; type=&#8221;full_width&#8221; angled_section=&#8221;no&#8221; text_align=&#8221;left&#8221; background_image_as_pattern=&#8221;without_pattern&#8221;][vc_column][vc_single_image image=&#8221;237&#8243; img_size=&#8221;full&#8221; qode_css_animation=&#8221;&#8221; el_class=&#8221;LP-EPS&#8221;][\/vc_column][\/vc_row][vc_row css_animation=&#8221;&#8221; row_type=&#8221;row&#8221; use_row_as_full_screen_section=&#8221;no&#8221; type=&#8221;grid&#8221; angled_section=&#8221;no&#8221; text_align=&#8221;left&#8221; background_image_as_pattern=&#8221;without_pattern&#8221; css=&#8221;.vc_custom_1464092965069{padding-top: 20px !important;padding-bottom: 20px !important;background-color: #2e2e2e !important;}&#8221;][vc_column][vc_column_text]<\/p>\n<h2>LP-EPS For UV Low-Pressure Lamps<\/h2>\n<p>[\/vc_column_text][\/vc_column][\/vc_row][vc_row css_animation=&#8221;&#8221; row_type=&#8221;row&#8221; use_row_as_full_screen_section=&#8221;no&#8221; type=&#8221;grid&#8221; angled_section=&#8221;no&#8221; text_align=&#8221;left&#8221; background_image_as_pattern=&#8221;without_pattern&#8221;][vc_column][vc_separator type=&#8221;transparent&#8221; down=&#8221;20&#8243;][vc_column_text]<\/p>\n<div id=\"attachment_238\" style=\"width: 357px\" class=\"wp-caption alignleft\"><img loading=\"lazy\" decoding=\"async\" aria-describedby=\"caption-attachment-238\" class=\"wp-image-238 size-full\" src=\"http:\/\/uvteknik.com\/wp-content\/uploads\/2016\/06\/UV-guc-kaynagi-LP-eps-low.jpg\" alt=\"LP-EPS For Low-Pressure Lamps\" width=\"347\" height=\"260\" srcset=\"https:\/\/uvteknik.com\/wp-content\/uploads\/2016\/06\/UV-guc-kaynagi-LP-eps-low.jpg 347w, https:\/\/uvteknik.com\/wp-content\/uploads\/2016\/06\/UV-guc-kaynagi-LP-eps-low-300x225.jpg 300w\" sizes=\"(max-width: 347px) 100vw, 347px\" \/><p id=\"caption-attachment-238\" class=\"wp-caption-text\">LP-EPS For Low-Pressure Lamps<\/p><\/div>\n<h2>LP-EPS For UV Low-Pressure Lamps;<\/h2>\n<p>&nbsp;<\/p>\n<p class=\"bodytext\">These devices are designed for the connection to low-voltage or batteries. We offer devices for normal voltage of 12\/24 V DC. Due to the resulting high input of electric power, the range is limited to devices with a relatively low performance.<\/p>\n<p class=\"bodytext\">These devices are used for applications in which no line voltage is allowed or available. Typical examples are the use in laboratories, in vehicles as well as equipments which are far away from the main supply network and which have to be supplied by batteries\/photovoltaic.<\/p>\n<p>[\/vc_column_text][vc_separator type=&#8221;transparent&#8221; down=&#8221;100&#8243;][vc_column_text]<\/p>\n<p style=\"text-align: center;\"><strong>Specifications:<\/strong><\/p>\n<p style=\"text-align: center;\">Available for power ranges from 4 W to 80 W<br \/>\nPossible modification on customer&#8217;s requests and specifications<\/p>\n<p>[\/vc_column_text][vc_separator type=&#8221;transparent&#8221; down=&#8221;40&#8243;][\/vc_column][\/vc_row][vc_row css_animation=&#8221;&#8221; row_type=&#8221;row&#8221; use_row_as_full_screen_section=&#8221;no&#8221; type=&#8221;full_width&#8221; angled_section=&#8221;no&#8221; text_align=&#8221;left&#8221; background_image_as_pattern=&#8221;without_pattern&#8221; css=&#8221;.vc_custom_1464608741491{padding-top: 20px !important;padding-bottom: 20px !important;background-color: #2e2e2e !important;}&#8221;][vc_column][vc_column_text]<\/p>\n<h2 style=\"text-align: center;\">Request Form<\/h2>\n<p>[\/vc_column_text][vc_column_text]<\/p>\n<p style=\"text-align: center;\">Talepleriniz i\u00e7in l\u00fctfen a\u015fa\u011f\u0131daki formu doldurunuz.<\/p>\n<p>[\/vc_column_text][\/vc_column][\/vc_row][vc_row css_animation=&#8221;&#8221; row_type=&#8221;row&#8221; use_row_as_full_screen_section=&#8221;no&#8221; type=&#8221;grid&#8221; angled_section=&#8221;no&#8221; text_align=&#8221;left&#8221; background_image_as_pattern=&#8221;without_pattern&#8221;][vc_column][vc_separator type=&#8221;transparent&#8221; down=&#8221;10&#8243;]\n<div class=\"wpcf7 no-js\" id=\"wpcf7-f459-o1\" lang=\"tr-TR\" dir=\"ltr\">\n<div class=\"screen-reader-response\"><p role=\"status\" aria-live=\"polite\" aria-atomic=\"true\"><\/p> <ul><\/ul><\/div>\n<form action=\"\/en\/wp-json\/wp\/v2\/pages\/479#wpcf7-f459-o1\" method=\"post\" class=\"wpcf7-form init cf7_custom_style_1\" aria-label=\"\u0130leti\u015fim Formu\" novalidate=\"novalidate\" data-status=\"init\">\n<div style=\"display: none;\">\n<input type=\"hidden\" name=\"_wpcf7\" value=\"459\" \/>\n<input type=\"hidden\" name=\"_wpcf7_version\" value=\"5.9.7\" \/>\n<input type=\"hidden\" name=\"_wpcf7_locale\" value=\"tr_TR\" \/>\n<input type=\"hidden\" name=\"_wpcf7_unit_tag\" value=\"wpcf7-f459-o1\" \/>\n<input type=\"hidden\" name=\"_wpcf7_container_post\" value=\"0\" \/>\n<input type=\"hidden\" name=\"_wpcf7_posted_data_hash\" value=\"\" \/>\n<input type=\"hidden\" name=\"_wpcf7_recaptcha_response\" value=\"\" \/>\n<\/div>\n<p><b>Name<\/b> (required)\n<\/p>\n<p><span class=\"wpcf7-form-control-wrap\" data-name=\"your-name\"><input size=\"40\" maxlength=\"400\" class=\"wpcf7-form-control wpcf7-text wpcf7-validates-as-required\" aria-required=\"true\" aria-invalid=\"false\" value=\"\" type=\"text\" name=\"your-name\" \/><\/span>\n<\/p>\n<p><b>Email<\/b> (required)\n<\/p>\n<p><span class=\"wpcf7-form-control-wrap\" data-name=\"your-email\"><input size=\"40\" maxlength=\"400\" class=\"wpcf7-form-control wpcf7-email wpcf7-validates-as-required wpcf7-text wpcf7-validates-as-email\" aria-required=\"true\" aria-invalid=\"false\" value=\"\" type=\"email\" name=\"your-email\" \/><\/span>\n<\/p>\n<p><b>Phone<\/b> (required)\n<\/p>\n<p><span class=\"wpcf7-form-control-wrap\" data-name=\"tel-895\"><input size=\"40\" maxlength=\"400\" class=\"wpcf7-form-control wpcf7-tel wpcf7-validates-as-required wpcf7-text wpcf7-validates-as-tel\" aria-required=\"true\" aria-invalid=\"false\" value=\"\" type=\"tel\" name=\"tel-895\" \/><\/span>\n<\/p>\n<p><b>Your Request<\/b>\n<\/p>\n<p><span class=\"wpcf7-form-control-wrap\" data-name=\"your-message\"><textarea cols=\"40\" rows=\"10\" maxlength=\"2000\" class=\"wpcf7-form-control wpcf7-textarea\" aria-invalid=\"false\" name=\"your-message\"><\/textarea><\/span>\n<\/p>\n<p><input class=\"wpcf7-form-control wpcf7-submit has-spinner\" type=\"submit\" value=\"Send\" \/>\n<\/p><p style=\"display: none !important;\" class=\"akismet-fields-container\" data-prefix=\"_wpcf7_ak_\"><label>&#916;<textarea name=\"_wpcf7_ak_hp_textarea\" cols=\"45\" rows=\"8\" maxlength=\"100\"><\/textarea><\/label><input type=\"hidden\" id=\"ak_js_1\" name=\"_wpcf7_ak_js\" value=\"96\"\/><script>document.getElementById( \"ak_js_1\" ).setAttribute( \"value\", ( new Date() ).getTime() );<\/script><\/p><div class=\"wpcf7-response-output\" aria-hidden=\"true\"><\/div>\n<\/form>\n<\/div>\n[vc_separator type=&#8221;transparent&#8221; down=&#8221;20&#8243;][\/vc_column][\/vc_row]<\/p>\n","protected":false},"excerpt":{"rendered":"<p>[vc_row css_animation=&#8221;&#8221; row_type=&#8221;row&#8221; use_row_as_full_screen_section=&#8221;no&#8221; type=&#8221;full_width&#8221; angled_section=&#8221;no&#8221; text_align=&#8221;left&#8221; background_image_as_pattern=&#8221;without_pattern&#8221;][vc_column][vc_single_image image=&#8221;237&#8243; img_size=&#8221;full&#8221; qode_css_animation=&#8221;&#8221; el_class=&#8221;LP-EPS&#8221;][\/vc_column][\/vc_row][vc_row css_animation=&#8221;&#8221; row_type=&#8221;row&#8221; use_row_as_full_screen_section=&#8221;no&#8221; type=&#8221;grid&#8221; angled_section=&#8221;no&#8221; text_align=&#8221;left&#8221; background_image_as_pattern=&#8221;without_pattern&#8221; css=&#8221;.vc_custom_1464092965069{padding-top: 20px !important;padding-bottom: 20px !important;background-color: #2e2e2e !important;}&#8221;][vc_column][vc_column_text] LP-EPS For UV Low-Pressure Lamps [\/vc_column_text][\/vc_column][\/vc_row][vc_row css_animation=&#8221;&#8221; row_type=&#8221;row&#8221; use_row_as_full_screen_section=&#8221;no&#8221; type=&#8221;grid&#8221; angled_section=&#8221;no&#8221; text_align=&#8221;left&#8221; background_image_as_pattern=&#8221;without_pattern&#8221;][vc_column][vc_separator type=&#8221;transparent&#8221; down=&#8221;20&#8243;][vc_column_text] LP-EPS For UV Low-Pressure&#8230;<\/p>\n","protected":false},"author":1,"featured_media":0,"parent":475,"menu_order":0,"comment_status":"closed","ping_status":"closed","template":"full_width.php","meta":{"footnotes":""},"yoast_head":"<!-- This site is optimized with the Yoast SEO plugin v23.1 - https:\/\/yoast.com\/wordpress\/plugins\/seo\/ -->\n<title>LP-EPS For UV Low-Pressure Lamps - UV Teknik<\/title>\n<meta name=\"robots\" content=\"index, follow, max-snippet:-1, max-image-preview:large, max-video-preview:-1\" \/>\n<link rel=\"canonical\" href=\"https:\/\/uvteknik.com\/en\/uv-electronic-power-supplies\/lp-eps-for-uv-low-pressure-lamps\/\" \/>\n<meta property=\"og:locale\" content=\"en_US\" \/>\n<meta property=\"og:type\" content=\"article\" \/>\n<meta property=\"og:title\" content=\"LP-EPS For UV Low-Pressure Lamps - UV Teknik\" \/>\n<meta property=\"og:description\" content=\"[vc_row css_animation=&#8221;&#8221; row_type=&#8221;row&#8221; use_row_as_full_screen_section=&#8221;no&#8221; type=&#8221;full_width&#8221; angled_section=&#8221;no&#8221; text_align=&#8221;left&#8221; background_image_as_pattern=&#8221;without_pattern&#8221;][vc_column][vc_single_image image=&#8221;237&#8243; img_size=&#8221;full&#8221; qode_css_animation=&#8221;&#8221; el_class=&#8221;LP-EPS&#8221;][\/vc_column][\/vc_row][vc_row css_animation=&#8221;&#8221; row_type=&#8221;row&#8221; use_row_as_full_screen_section=&#8221;no&#8221; type=&#8221;grid&#8221; angled_section=&#8221;no&#8221; text_align=&#8221;left&#8221; background_image_as_pattern=&#8221;without_pattern&#8221; css=&#8221;.vc_custom_1464092965069{padding-top: 20px !important;padding-bottom: 20px !important;background-color: #2e2e2e !important;}&#8221;][vc_column][vc_column_text] LP-EPS For UV Low-Pressure Lamps [\/vc_column_text][\/vc_column][\/vc_row][vc_row css_animation=&#8221;&#8221; row_type=&#8221;row&#8221; use_row_as_full_screen_section=&#8221;no&#8221; type=&#8221;grid&#8221; angled_section=&#8221;no&#8221; text_align=&#8221;left&#8221; background_image_as_pattern=&#8221;without_pattern&#8221;][vc_column][vc_separator type=&#8221;transparent&#8221; down=&#8221;20&#8243;][vc_column_text] LP-EPS For UV Low-Pressure...\" \/>\n<meta property=\"og:url\" content=\"https:\/\/uvteknik.com\/en\/uv-electronic-power-supplies\/lp-eps-for-uv-low-pressure-lamps\/\" \/>\n<meta property=\"og:site_name\" content=\"UV Teknik\" \/>\n<meta property=\"article:publisher\" content=\"https:\/\/www.facebook.com\/uvteknik\" \/>\n<meta property=\"article:modified_time\" content=\"2019-12-16T10:46:05+00:00\" \/>\n<meta property=\"og:image\" content=\"http:\/\/uvteknik.com\/wp-content\/uploads\/2016\/06\/UV-guc-kaynagi-LP-eps-low.jpg\" \/>\n<meta name=\"twitter:card\" content=\"summary_large_image\" \/>\n<meta name=\"twitter:site\" content=\"@uvteknik\" \/>\n<meta name=\"twitter:label1\" content=\"Est. reading time\" \/>\n\t<meta name=\"twitter:data1\" content=\"2 minutes\" \/>\n<script type=\"application\/ld+json\" class=\"yoast-schema-graph\">{\"@context\":\"https:\/\/schema.org\",\"@graph\":[{\"@type\":\"WebPage\",\"@id\":\"https:\/\/uvteknik.com\/en\/uv-electronic-power-supplies\/lp-eps-for-uv-low-pressure-lamps\/\",\"url\":\"https:\/\/uvteknik.com\/en\/uv-electronic-power-supplies\/lp-eps-for-uv-low-pressure-lamps\/\",\"name\":\"LP-EPS For UV Low-Pressure Lamps - UV Teknik\",\"isPartOf\":{\"@id\":\"https:\/\/uvteknik.com\/#website\"},\"primaryImageOfPage\":{\"@id\":\"https:\/\/uvteknik.com\/en\/uv-electronic-power-supplies\/lp-eps-for-uv-low-pressure-lamps\/#primaryimage\"},\"image\":{\"@id\":\"https:\/\/uvteknik.com\/en\/uv-electronic-power-supplies\/lp-eps-for-uv-low-pressure-lamps\/#primaryimage\"},\"thumbnailUrl\":\"http:\/\/uvteknik.com\/wp-content\/uploads\/2016\/06\/UV-guc-kaynagi-LP-eps-low.jpg\",\"datePublished\":\"2016-06-10T12:02:52+00:00\",\"dateModified\":\"2019-12-16T10:46:05+00:00\",\"breadcrumb\":{\"@id\":\"https:\/\/uvteknik.com\/en\/uv-electronic-power-supplies\/lp-eps-for-uv-low-pressure-lamps\/#breadcrumb\"},\"inLanguage\":\"en-US\",\"potentialAction\":[{\"@type\":\"ReadAction\",\"target\":[\"https:\/\/uvteknik.com\/en\/uv-electronic-power-supplies\/lp-eps-for-uv-low-pressure-lamps\/\"]}]},{\"@type\":\"ImageObject\",\"inLanguage\":\"en-US\",\"@id\":\"https:\/\/uvteknik.com\/en\/uv-electronic-power-supplies\/lp-eps-for-uv-low-pressure-lamps\/#primaryimage\",\"url\":\"http:\/\/uvteknik.com\/wp-content\/uploads\/2016\/06\/UV-guc-kaynagi-LP-eps-low.jpg\",\"contentUrl\":\"http:\/\/uvteknik.com\/wp-content\/uploads\/2016\/06\/UV-guc-kaynagi-LP-eps-low.jpg\"},{\"@type\":\"BreadcrumbList\",\"@id\":\"https:\/\/uvteknik.com\/en\/uv-electronic-power-supplies\/lp-eps-for-uv-low-pressure-lamps\/#breadcrumb\",\"itemListElement\":[{\"@type\":\"ListItem\",\"position\":1,\"name\":\"Ana sayfa\",\"item\":\"https:\/\/uvteknik.com\/en\/?page_id=6435\"},{\"@type\":\"ListItem\",\"position\":2,\"name\":\"UV Electronic Power Supplies\",\"item\":\"https:\/\/uvteknik.com\/en\/uv-electronic-power-supplies\/\"},{\"@type\":\"ListItem\",\"position\":3,\"name\":\"LP-EPS For UV Low-Pressure Lamps\"}]},{\"@type\":\"WebSite\",\"@id\":\"https:\/\/uvteknik.com\/#website\",\"url\":\"https:\/\/uvteknik.com\/\",\"name\":\"UV Teknik\",\"description\":\"UV Filtre ve UV Lambalar\",\"potentialAction\":[{\"@type\":\"SearchAction\",\"target\":{\"@type\":\"EntryPoint\",\"urlTemplate\":\"https:\/\/uvteknik.com\/?s={search_term_string}\"},\"query-input\":\"required name=search_term_string\"}],\"inLanguage\":\"en-US\"}]}<\/script>\n<!-- \/ Yoast SEO plugin. -->","yoast_head_json":{"title":"LP-EPS For UV Low-Pressure Lamps - UV Teknik","robots":{"index":"index","follow":"follow","max-snippet":"max-snippet:-1","max-image-preview":"max-image-preview:large","max-video-preview":"max-video-preview:-1"},"canonical":"https:\/\/uvteknik.com\/en\/uv-electronic-power-supplies\/lp-eps-for-uv-low-pressure-lamps\/","og_locale":"en_US","og_type":"article","og_title":"LP-EPS For UV Low-Pressure Lamps - UV Teknik","og_description":"[vc_row css_animation=&#8221;&#8221; row_type=&#8221;row&#8221; use_row_as_full_screen_section=&#8221;no&#8221; type=&#8221;full_width&#8221; angled_section=&#8221;no&#8221; text_align=&#8221;left&#8221; background_image_as_pattern=&#8221;without_pattern&#8221;][vc_column][vc_single_image image=&#8221;237&#8243; img_size=&#8221;full&#8221; qode_css_animation=&#8221;&#8221; el_class=&#8221;LP-EPS&#8221;][\/vc_column][\/vc_row][vc_row css_animation=&#8221;&#8221; row_type=&#8221;row&#8221; use_row_as_full_screen_section=&#8221;no&#8221; type=&#8221;grid&#8221; angled_section=&#8221;no&#8221; text_align=&#8221;left&#8221; background_image_as_pattern=&#8221;without_pattern&#8221; css=&#8221;.vc_custom_1464092965069{padding-top: 20px !important;padding-bottom: 20px !important;background-color: #2e2e2e !important;}&#8221;][vc_column][vc_column_text] LP-EPS For UV Low-Pressure Lamps [\/vc_column_text][\/vc_column][\/vc_row][vc_row css_animation=&#8221;&#8221; row_type=&#8221;row&#8221; use_row_as_full_screen_section=&#8221;no&#8221; type=&#8221;grid&#8221; angled_section=&#8221;no&#8221; text_align=&#8221;left&#8221; background_image_as_pattern=&#8221;without_pattern&#8221;][vc_column][vc_separator type=&#8221;transparent&#8221; down=&#8221;20&#8243;][vc_column_text] LP-EPS For UV Low-Pressure...","og_url":"https:\/\/uvteknik.com\/en\/uv-electronic-power-supplies\/lp-eps-for-uv-low-pressure-lamps\/","og_site_name":"UV Teknik","article_publisher":"https:\/\/www.facebook.com\/uvteknik","article_modified_time":"2019-12-16T10:46:05+00:00","og_image":[{"url":"http:\/\/uvteknik.com\/wp-content\/uploads\/2016\/06\/UV-guc-kaynagi-LP-eps-low.jpg"}],"twitter_card":"summary_large_image","twitter_site":"@uvteknik","twitter_misc":{"Est. reading time":"2 minutes"},"schema":{"@context":"https:\/\/schema.org","@graph":[{"@type":"WebPage","@id":"https:\/\/uvteknik.com\/en\/uv-electronic-power-supplies\/lp-eps-for-uv-low-pressure-lamps\/","url":"https:\/\/uvteknik.com\/en\/uv-electronic-power-supplies\/lp-eps-for-uv-low-pressure-lamps\/","name":"LP-EPS For UV Low-Pressure Lamps - UV Teknik","isPartOf":{"@id":"https:\/\/uvteknik.com\/#website"},"primaryImageOfPage":{"@id":"https:\/\/uvteknik.com\/en\/uv-electronic-power-supplies\/lp-eps-for-uv-low-pressure-lamps\/#primaryimage"},"image":{"@id":"https:\/\/uvteknik.com\/en\/uv-electronic-power-supplies\/lp-eps-for-uv-low-pressure-lamps\/#primaryimage"},"thumbnailUrl":"http:\/\/uvteknik.com\/wp-content\/uploads\/2016\/06\/UV-guc-kaynagi-LP-eps-low.jpg","datePublished":"2016-06-10T12:02:52+00:00","dateModified":"2019-12-16T10:46:05+00:00","breadcrumb":{"@id":"https:\/\/uvteknik.com\/en\/uv-electronic-power-supplies\/lp-eps-for-uv-low-pressure-lamps\/#breadcrumb"},"inLanguage":"en-US","potentialAction":[{"@type":"ReadAction","target":["https:\/\/uvteknik.com\/en\/uv-electronic-power-supplies\/lp-eps-for-uv-low-pressure-lamps\/"]}]},{"@type":"ImageObject","inLanguage":"en-US","@id":"https:\/\/uvteknik.com\/en\/uv-electronic-power-supplies\/lp-eps-for-uv-low-pressure-lamps\/#primaryimage","url":"http:\/\/uvteknik.com\/wp-content\/uploads\/2016\/06\/UV-guc-kaynagi-LP-eps-low.jpg","contentUrl":"http:\/\/uvteknik.com\/wp-content\/uploads\/2016\/06\/UV-guc-kaynagi-LP-eps-low.jpg"},{"@type":"BreadcrumbList","@id":"https:\/\/uvteknik.com\/en\/uv-electronic-power-supplies\/lp-eps-for-uv-low-pressure-lamps\/#breadcrumb","itemListElement":[{"@type":"ListItem","position":1,"name":"Ana sayfa","item":"https:\/\/uvteknik.com\/en\/?page_id=6435"},{"@type":"ListItem","position":2,"name":"UV Electronic Power Supplies","item":"https:\/\/uvteknik.com\/en\/uv-electronic-power-supplies\/"},{"@type":"ListItem","position":3,"name":"LP-EPS For UV Low-Pressure Lamps"}]},{"@type":"WebSite","@id":"https:\/\/uvteknik.com\/#website","url":"https:\/\/uvteknik.com\/","name":"UV Teknik","description":"UV Filtre ve UV Lambalar","potentialAction":[{"@type":"SearchAction","target":{"@type":"EntryPoint","urlTemplate":"https:\/\/uvteknik.com\/?s={search_term_string}"},"query-input":"required name=search_term_string"}],"inLanguage":"en-US"}]}},"_links":{"self":[{"href":"https:\/\/uvteknik.com\/en\/wp-json\/wp\/v2\/pages\/479"}],"collection":[{"href":"https:\/\/uvteknik.com\/en\/wp-json\/wp\/v2\/pages"}],"about":[{"href":"https:\/\/uvteknik.com\/en\/wp-json\/wp\/v2\/types\/page"}],"author":[{"embeddable":true,"href":"https:\/\/uvteknik.com\/en\/wp-json\/wp\/v2\/users\/1"}],"replies":[{"embeddable":true,"href":"https:\/\/uvteknik.com\/en\/wp-json\/wp\/v2\/comments?post=479"}],"version-history":[{"count":5,"href":"https:\/\/uvteknik.com\/en\/wp-json\/wp\/v2\/pages\/479\/revisions"}],"predecessor-version":[{"id":669,"href":"https:\/\/uvteknik.com\/en\/wp-json\/wp\/v2\/pages\/479\/revisions\/669"}],"up":[{"embeddable":true,"href":"https:\/\/uvteknik.com\/en\/wp-json\/wp\/v2\/pages\/475"}],"wp:attachment":[{"href":"https:\/\/uvteknik.com\/en\/wp-json\/wp\/v2\/media?parent=479"}],"curies":[{"name":"wp","href":"https:\/\/api.w.org\/{rel}","templated":true}]}}